{"id":441,"date":"2025-03-12T12:10:20","date_gmt":"2025-03-12T12:10:20","guid":{"rendered":"https:\/\/sandbox94.techwebinnovations.com\/?page_id=441"},"modified":"2025-03-12T12:10:20","modified_gmt":"2025-03-12T12:10:20","slug":"kontakt","status":"publish","type":"page","link":"https:\/\/sandbox94.techwebinnovations.com\/?page_id=441&lang=de","title":{"rendered":"Kontakt"},"content":{"rendered":"<p>[et_pb_section fb_built=&#8221;1&#8243; admin_label=&#8221;Text &#038; Image&#8221; _builder_version=&#8221;4.27.4&#8243; _module_preset=&#8221;default&#8221; use_background_color_gradient=&#8221;on&#8221; background_color_gradient_direction=&#8221;90deg&#8221; background_color_gradient_stops=&#8221;rgba(255,255,255,0) 0%|rgba(0,86,179,0.79) 0%|rgba(0,86,179,0.69) 100%&#8221; background_color_gradient_overlays_image=&#8221;on&#8221; background_image=&#8221;https:\/\/sandbox94.techwebinnovations.com\/wp-content\/uploads\/2025\/02\/harbour-of-hamburg-germany.webp&#8221; parallax=&#8221;on&#8221; parallax_method=&#8221;off&#8221; background_last_edited=&#8221;on|tablet&#8221; background_color_gradient_direction_tablet=&#8221;180deg&#8221; locked=&#8221;off&#8221; collapsed=&#8221;on&#8221; global_colors_info=&#8221;{}&#8221; theme_builder_area=&#8221;post_content&#8221;][et_pb_row column_structure=&#8221;1_2,1_2&#8243; _builder_version=&#8221;4.27.4&#8243; _module_preset=&#8221;5138c454-be54-4233-bd3b-f8e6a8747976&#8243; custom_padding=&#8221;2%||2%||true|false&#8221; global_colors_info=&#8221;{}&#8221; theme_builder_area=&#8221;post_content&#8221;][et_pb_column type=&#8221;1_2&#8243; _builder_version=&#8221;4.27.4&#8243; _module_preset=&#8221;73121f80-a3ef-4484-8763-c3f18e3c56d2&#8243; custom_padding=&#8221;4%||4%||true|false&#8221; custom_padding_tablet=&#8221;0%||0%||true|false&#8221; custom_padding_phone=&#8221;0%||0%||true|false&#8221; custom_padding_last_edited=&#8221;on|desktop&#8221; animation_style=&#8221;slide&#8221; animation_direction=&#8221;left&#8221; global_colors_info=&#8221;{}&#8221; theme_builder_area=&#8221;post_content&#8221;][et_pb_heading title=&#8221;bleiben sie mit uns in verbindung&#8221; _builder_version=&#8221;4.27.4&#8243; _module_preset=&#8221;f0c675ea-2574-4d0e-b725-30f8550a8550&#8243; title_text_color=&#8221;#FFFFFF&#8221; locked=&#8221;off&#8221; global_colors_info=&#8221;{}&#8221; theme_builder_area=&#8221;post_content&#8221;][\/et_pb_heading][et_pb_heading title=&#8221;Kontaktieren sie Uns!&#8221; _builder_version=&#8221;4.27.4&#8243; _module_preset=&#8221;c33f07d9-41e0-421a-8799-5799df695cce&#8221; title_font=&#8221;&#8211;et_global_heading_font|&#8211;et_global_heading_font_weight||on|||||&#8221; title_text_color=&#8221;#FFFFFF&#8221; title_font_size_tablet=&#8221;36px&#8221; title_font_size_phone=&#8221;28px&#8221; locked=&#8221;off&#8221; global_colors_info=&#8221;{}&#8221; theme_builder_area=&#8221;post_content&#8221;][\/et_pb_heading][et_pb_text _builder_version=&#8221;4.27.4&#8243; _module_preset=&#8221;0504de1e-f5ff-4281-ba60-cbbe4edf98bc&#8221; global_colors_info=&#8221;{%22gcid-36fd78a7-34bc-404d-873c-dafa34efaae5%22:%91%22icon_color%22,%22icon_color%22,%22icon_color%22,%22icon_color%22,%22link_text_color%22%93}&#8221; theme_builder_area=&#8221;post_content&#8221;]<\/p>\n<p>Kontaktieren Sie uns f\u00fcr erstklassigen IT-Support, Administration und Rollout-Services, die genau auf die Anforderungen Ihres Unternehmens zugeschnitten sind.<\/p>\n<p>[\/et_pb_text][et_pb_button button_text=&#8221;Kontaktieren sie uns noch heute&#8221; _builder_version=&#8221;4.27.4&#8243; _module_preset=&#8221;1bffc0fc-42a0-49d1-bd9a-ae3ade2d7206&#8243; button_text_size=&#8221;16px&#8221; button_text_color=&#8221;#F7F7F7&#8243; button_bg_color=&#8221;#002060&#8243; button_border_radius=&#8221;6px&#8221; custom_margin=&#8221;||||false|false&#8221; locked=&#8221;off&#8221; global_colors_info=&#8221;{}&#8221; button_bg_color__hover_enabled=&#8221;on|hover&#8221; button_bg_color__hover=&#8221;#0056B3&#8243; button_bg_enable_color__hover=&#8221;on&#8221; theme_builder_area=&#8221;post_content&#8221;][\/et_pb_button][\/et_pb_column][et_pb_column type=&#8221;1_2&#8243; _builder_version=&#8221;4.27.4&#8243; _module_preset=&#8221;73121f80-a3ef-4484-8763-c3f18e3c56d2&#8243; animation_style=&#8221;slide&#8221; animation_direction=&#8221;right&#8221; global_colors_info=&#8221;{}&#8221; theme_builder_area=&#8221;post_content&#8221;][et_pb_image src=&#8221;https:\/\/sandbox94.techwebinnovations.com\/wp-content\/uploads\/2025\/01\/Resize-image-project.png&#8221; title_text=&#8221;Resize image project&#8221; _builder_version=&#8221;4.27.4&#8243; _module_preset=&#8221;6ed8fd5c-62c5-4100-98c3-7b8b6d2c2ee6&#8243; locked=&#8221;off&#8221; global_colors_info=&#8221;{}&#8221; theme_builder_area=&#8221;post_content&#8221;][\/et_pb_image][\/et_pb_column][\/et_pb_row][\/et_pb_section][et_pb_section fb_built=&#8221;1&#8243; _builder_version=&#8221;4.27.4&#8243; _module_preset=&#8221;default&#8221; custom_padding=&#8221;||0px|||&#8221; locked=&#8221;off&#8221; global_colors_info=&#8221;{}&#8221; theme_builder_area=&#8221;post_content&#8221;][et_pb_row _builder_version=&#8221;4.27.4&#8243; _module_preset=&#8221;default&#8221; global_colors_info=&#8221;{}&#8221; theme_builder_area=&#8221;post_content&#8221;][et_pb_column type=&#8221;4_4&#8243; _builder_version=&#8221;4.27.4&#8243; _module_preset=&#8221;default&#8221; global_colors_info=&#8221;{}&#8221; theme_builder_area=&#8221;post_content&#8221;][dnxte_text_color_motion text_color_motion=&#8221;Kontaktieren sie uns&#8221; heading_tag=&#8221;h1&#8243; text_color_motion_style=&#8221;dnxt-grdnt-text-animation-2&#8243; color_motion_color_one=&#8221;#002060&#8243; color_motion_color_two=&#8221;#002060&#8243; color_motion_color_three=&#8221;#0056B3&#8243; color_motion_color_four=&#8221;#0056B3&#8243; color_motion_type=&#8221;radial-gradient&#8221; _builder_version=&#8221;4.27.4&#8243; _module_preset=&#8221;default&#8221; dnxt_color_motion_fonts_font=&#8221;&#8211;et_global_heading_font|||on|||||&#8221; dnxt_color_motion_fonts_text_align=&#8221;center&#8221; dnxt_color_motion_fonts_font_size=&#8221;50px&#8221; animation_style=&#8221;flip&#8221; dnxt_color_motion_fonts_font_size_tablet=&#8221;36px&#8221; dnxt_color_motion_fonts_font_size_phone=&#8221;28px&#8221; dnxt_color_motion_fonts_font_size_last_edited=&#8221;on|desktop&#8221; global_colors_info=&#8221;{}&#8221; theme_builder_area=&#8221;post_content&#8221;][\/dnxte_text_color_motion][\/et_pb_column][\/et_pb_row][et_pb_row _builder_version=&#8221;4.27.4&#8243; _module_preset=&#8221;default&#8221; global_colors_info=&#8221;{}&#8221; theme_builder_area=&#8221;post_content&#8221;][et_pb_column type=&#8221;4_4&#8243; _builder_version=&#8221;4.27.4&#8243; _module_preset=&#8221;default&#8221; global_colors_info=&#8221;{}&#8221; theme_builder_area=&#8221;post_content&#8221;][et_pb_code _builder_version=&#8221;4.27.4&#8243; _module_preset=&#8221;default&#8221; animation_style=&#8221;slide&#8221; animation_direction=&#8221;bottom&#8221; global_colors_info=&#8221;{}&#8221; theme_builder_area=&#8221;post_content&#8221;]\n<div class=\"wpcf7 no-js\" id=\"wpcf7-f344-o1\" lang=\"en-US\" dir=\"ltr\" data-wpcf7-id=\"344\">\n<div class=\"screen-reader-response\"><p role=\"status\" aria-live=\"polite\" aria-atomic=\"true\"><\/p> <ul><\/ul><\/div>\n<form action=\"\/index.php?rest_route=%2Fwp%2Fv2%2Fpages%2F441#wpcf7-f344-o1\" method=\"post\" class=\"wpcf7-form init\" aria-label=\"Contact form\" enctype=\"multipart\/form-data\" novalidate=\"novalidate\" data-status=\"init\">\n<fieldset class=\"hidden-fields-container\"><input type=\"hidden\" name=\"_wpcf7\" value=\"344\" \/><input type=\"hidden\" name=\"_wpcf7_version\" value=\"6.1.5\" \/><input type=\"hidden\" name=\"_wpcf7_locale\" value=\"en_US\" \/><input type=\"hidden\" name=\"_wpcf7_unit_tag\" value=\"wpcf7-f344-o1\" \/><input type=\"hidden\" name=\"_wpcf7_container_post\" value=\"0\" \/><input type=\"hidden\" name=\"_wpcf7_posted_data_hash\" value=\"\" \/>\n<\/fieldset>\n<p><span class=\"wpcf7-form-control-wrap\" data-name=\"your-name\"><input size=\"40\" maxlength=\"400\" class=\"wpcf7-form-control wpcf7-text wpcf7-validates-as-required mf2\" autocomplete=\"name\" aria-required=\"true\" aria-invalid=\"false\" placeholder=\"Your Name\" value=\"\" type=\"text\" name=\"your-name\" \/><\/span>\n<\/p>\n<p><span class=\"wpcf7-form-control-wrap\" data-name=\"your-email\"><input size=\"40\" maxlength=\"400\" class=\"wpcf7-form-control wpcf7-email wpcf7-validates-as-required wpcf7-text wpcf7-validates-as-email mf2\" autocomplete=\"email\" aria-required=\"true\" aria-invalid=\"false\" placeholder=\"Your Email\" value=\"\" type=\"email\" name=\"your-email\" \/><\/span>\n<\/p>\n<p><span class=\"wpcf7-form-control-wrap\" data-name=\"your-subject\"><input size=\"40\" maxlength=\"400\" class=\"wpcf7-form-control wpcf7-text wpcf7-validates-as-required mf2\" aria-required=\"true\" aria-invalid=\"false\" placeholder=\"Subject\" value=\"\" type=\"text\" name=\"your-subject\" \/><\/span>\n<\/p>\n<p><span class=\"wpcf7-form-control-wrap\" data-name=\"your-message\"><textarea cols=\"40\" rows=\"10\" maxlength=\"2000\" class=\"wpcf7-form-control wpcf7-textarea mf2\" aria-invalid=\"false\" placeholder=\"Message?\" name=\"your-message\"><\/textarea><\/span>\n<\/p>\n<p>Upload file<br \/>\n<span class=\"wpcf7-form-control-wrap\" data-name=\"file-457\"><input size=\"40\" class=\"wpcf7-form-control wpcf7-file\" accept=\".doc,.docx,.pdf,.jpg,.png,.mp4,.mp3\" aria-invalid=\"false\" type=\"file\" name=\"file-457\" \/><\/span>\n<\/p>\n<p><input class=\"wpcf7-form-control wpcf7-submit has-spinner\" type=\"submit\" value=\"Submit\" \/>\n<\/p><div class=\"wpcf7-response-output\" aria-hidden=\"true\"><\/div>\n<\/form>\n<\/div>\n[\/et_pb_code][et_pb_code _builder_version=&#8221;4.27.4&#8243; _module_preset=&#8221;default&#8221; global_colors_info=&#8221;{}&#8221; theme_builder_area=&#8221;post_content&#8221;]<\/p>\n<style><!-- [et_pb_line_break_holder] -->  .mf2 {<!-- [et_pb_line_break_holder] -->    background: #eee !important;<!-- [et_pb_line_break_holder] -->    border:none !important;<!-- [et_pb_line_break_holder] -->    padding:15px !important;<!-- [et_pb_line_break_holder] -->    width:100%;<!-- [et_pb_line_break_holder] -->    border-radius:6px;<!-- [et_pb_line_break_holder] -->    margin-bottom:20px;<!-- [et_pb_line_break_holder] -->    margin-top:20px<!-- [et_pb_line_break_holder] -->  }<!-- [et_pb_line_break_holder] -->  <!-- [et_pb_line_break_holder] -->    .wpcf7-submit {<!-- [et_pb_line_break_holder] -->    background:#002060;<!-- [et_pb_line_break_holder] -->      padding:12px 50px;<!-- [et_pb_line_break_holder] -->      border:none;<!-- [et_pb_line_break_holder] -->      color:#ffff;<!-- [et_pb_line_break_holder] -->      font-size:16px;<!-- [et_pb_line_break_holder] -->      border-radius:6px;<!-- [et_pb_line_break_holder] -->      transition-duration:.6s;<!-- [et_pb_line_break_holder] -->      margin-top:15px<!-- [et_pb_line_break_holder] -->  }<!-- [et_pb_line_break_holder] -->  <!-- [et_pb_line_break_holder] -->  .wpcf7-submit:hover{<!-- [et_pb_line_break_holder] -->    background:#0056B3;<!-- [et_pb_line_break_holder] -->      margin-top:20px<!-- [et_pb_line_break_holder] -->  }<!-- [et_pb_line_break_holder] -->  <!-- [et_pb_line_break_holder] -->  .wpcf7-response-output{<!-- [et_pb_line_break_holder] -->     background:#002060;<!-- [et_pb_line_break_holder] -->      padding:15px 50px !important;<!-- [et_pb_line_break_holder] -->      border:none !important;<!-- [et_pb_line_break_holder] -->      color:#ffff;<!-- [et_pb_line_break_holder] -->      font-size:16px;<!-- [et_pb_line_break_holder] -->      border-radius:6px;<!-- [et_pb_line_break_holder] -->    text-alibn:center;<!-- [et_pb_line_break_holder] -->  }<!-- [et_pb_line_break_holder] --><\/style>\n<p>[\/et_pb_code][\/et_pb_column][\/et_pb_row][\/et_pb_section][et_pb_section fb_built=&#8221;1&#8243; admin_label=&#8221;Contact Info&#8221; _builder_version=&#8221;4.25.1&#8243; _module_preset=&#8221;default&#8221; custom_padding=&#8221;0px|||||&#8221; collapsed=&#8221;on&#8221; global_colors_info=&#8221;{}&#8221; theme_builder_area=&#8221;post_content&#8221;][et_pb_row column_structure=&#8221;1_3,1_3,1_3&#8243; _builder_version=&#8221;4.27.4&#8243; _module_preset=&#8221;default&#8221; global_colors_info=&#8221;{}&#8221; theme_builder_area=&#8221;post_content&#8221;][et_pb_column type=&#8221;1_3&#8243; _builder_version=&#8221;4.27.4&#8243; _module_preset=&#8221;default&#8221; animation_style=&#8221;slide&#8221; animation_direction=&#8221;bottom&#8221; global_colors_info=&#8221;{}&#8221; theme_builder_area=&#8221;post_content&#8221;][et_pb_blurb title=&#8221;Telefon&#8221; use_icon=&#8221;on&#8221; font_icon=&#8221;&#xe090;||divi||400&#8243; module_class=&#8221;ai_ignore_all&#8221; _builder_version=&#8221;4.27.4&#8243; _module_preset=&#8221;65059203-12d3-44f6-8371-3f5cf61a0475&#8243; background_color=&#8221;#F7F7F7&#8243; background_enable_mask_style=&#8221;on&#8221; background_mask_style=&#8221;caret&#8221; background_mask_color=&#8221;#002060&#8243; background_mask_transform=&#8221;flip_horizontal|flip_vertical|rotate_90_degree&#8221; background_mask_size=&#8221;custom&#8221; background_mask_position=&#8221;bottom_center&#8221; background_mask_blend_mode=&#8221;soft-light&#8221; custom_padding=&#8221;30px|20px|72px|20px|false|true&#8221; border_radii=&#8221;on|6px|6px|6px|6px&#8221; box_shadow_style=&#8221;preset4&#8243; global_colors_info=&#8221;{}&#8221; theme_builder_area=&#8221;post_content&#8221;]<\/p>\n<p>+49 176 479 88281<\/p>\n<p>[\/et_pb_blurb][\/et_pb_column][et_pb_column type=&#8221;1_3&#8243; _builder_version=&#8221;4.27.4&#8243; _module_preset=&#8221;default&#8221; animation_style=&#8221;slide&#8221; animation_direction=&#8221;bottom&#8221; global_colors_info=&#8221;{}&#8221; theme_builder_area=&#8221;post_content&#8221;][et_pb_blurb title=&#8221;Email&#8221; use_icon=&#8221;on&#8221; font_icon=&#8221;&#xf0e0;||fa||900&#8243; module_class=&#8221;ai_ignore_all&#8221; _builder_version=&#8221;4.27.4&#8243; _module_preset=&#8221;65059203-12d3-44f6-8371-3f5cf61a0475&#8243; background_color=&#8221;#F7F7F7&#8243; background_enable_mask_style=&#8221;on&#8221; background_mask_style=&#8221;caret&#8221; background_mask_color=&#8221;#002060&#8243; background_mask_transform=&#8221;flip_horizontal|flip_vertical|rotate_90_degree&#8221; background_mask_size=&#8221;custom&#8221; background_mask_position=&#8221;bottom_center&#8221; background_mask_blend_mode=&#8221;soft-light&#8221; custom_padding=&#8221;30px|20px|72px|20px|false|true&#8221; border_radii=&#8221;on|6px|6px|6px|6px&#8221; box_shadow_style=&#8221;preset4&#8243; locked=&#8221;off&#8221; global_colors_info=&#8221;{}&#8221; theme_builder_area=&#8221;post_content&#8221;]<\/p>\n<p><a href=\"mailto:elbsysgmbh@gmail.com\">elbsysgmbh@gmail.com<\/a><\/p>\n<p>[\/et_pb_blurb][\/et_pb_column][et_pb_column type=&#8221;1_3&#8243; _builder_version=&#8221;4.27.4&#8243; _module_preset=&#8221;default&#8221; animation_style=&#8221;slide&#8221; animation_direction=&#8221;bottom&#8221; global_colors_info=&#8221;{}&#8221; theme_builder_area=&#8221;post_content&#8221;][et_pb_blurb title=&#8221;Adresse&#8221; use_icon=&#8221;on&#8221; font_icon=&#8221;&#xf3c5;||fa||900&#8243; module_class=&#8221;ai_ignore_all&#8221; _builder_version=&#8221;4.27.4&#8243; _module_preset=&#8221;65059203-12d3-44f6-8371-3f5cf61a0475&#8243; background_color=&#8221;#F7F7F7&#8243; background_enable_mask_style=&#8221;on&#8221; background_mask_style=&#8221;caret&#8221; background_mask_color=&#8221;#002060&#8243; background_mask_transform=&#8221;flip_horizontal|flip_vertical|rotate_90_degree&#8221; background_mask_size=&#8221;custom&#8221; background_mask_position=&#8221;bottom_center&#8221; background_mask_blend_mode=&#8221;soft-light&#8221; custom_padding=&#8221;30px|20px|44px|20px|false|true&#8221; border_radii=&#8221;on|6px|6px|6px|6px&#8221; box_shadow_style=&#8221;preset4&#8243; locked=&#8221;off&#8221; global_colors_info=&#8221;{}&#8221; theme_builder_area=&#8221;post_content&#8221;]<\/p>\n<p>Sch\u00fctzenstr. 81, 22761 Hamburg, Germany<\/p>\n<p>[\/et_pb_blurb][\/et_pb_column][\/et_pb_row][\/et_pb_section][et_pb_section fb_built=&#8221;1&#8243; admin_label=&#8221;Call to Action&#8221; _builder_version=&#8221;4.23.1&#8243; _module_preset=&#8221;default&#8221; use_background_color_gradient=&#8221;on&#8221; background_color_gradient_stops=&#8221;rgba(0,0,0,0.75) 0%|rgba(0,0,0,0.75) 100%&#8221; background_color_gradient_overlays_image=&#8221;on&#8221; background_image=&#8221;https:\/\/sandbox94.techwebinnovations.com\/wp-content\/uploads\/2025\/01\/60-606728_reach-out-to-us-hd-png-download.png&#8221; parallax=&#8221;on&#8221; parallax_method=&#8221;off&#8221; custom_padding=&#8221;8vw||8vw||true|false&#8221; locked=&#8221;off&#8221; collapsed=&#8221;on&#8221; global_colors_info=&#8221;{%22gcid-36fd78a7-34bc-404d-873c-dafa34efaae5%22:%91%22button_text_color%22%93}&#8221; theme_builder_area=&#8221;post_content&#8221;][et_pb_row _builder_version=&#8221;4.27.4&#8243; _module_preset=&#8221;5138c454-be54-4233-bd3b-f8e6a8747976&#8243; global_colors_info=&#8221;{}&#8221; theme_builder_area=&#8221;post_content&#8221;][et_pb_column type=&#8221;4_4&#8243; _builder_version=&#8221;4.27.4&#8243; _module_preset=&#8221;73121f80-a3ef-4484-8763-c3f18e3c56d2&#8243; global_colors_info=&#8221;{}&#8221; theme_builder_area=&#8221;post_content&#8221;][et_pb_cta title=&#8221;Nehmen Sie Kontakt auf f\u00fcr erstklassige IT-L\u00f6sungen.&#8221; button_url=&#8221;#&#8221; _builder_version=&#8221;4.27.4&#8243; _module_preset=&#8221;0cae81ab-7223-4b50-8e71-bfb309c58c86&#8243; background_enable_color=&#8221;off&#8221; background_enable_image=&#8221;off&#8221; custom_margin=&#8221;||11px|||&#8221; custom_padding=&#8221;0vw|60px|0vw|60px|true|true&#8221; custom_padding_tablet=&#8221;|30px||30px|true|true&#8221; custom_padding_phone=&#8221;|20px||20px|true|true&#8221; custom_padding_last_edited=&#8221;on|desktop&#8221; header_font_size_tablet=&#8221;36px&#8221; header_font_size_phone=&#8221;28px&#8221; locked=&#8221;off&#8221; global_colors_info=&#8221;{}&#8221; text_font_size_tablet=&#8221;16px&#8221; text_font_size_phone=&#8221;14px&#8221; text_font_size_last_edited=&#8221;on|phone&#8221; theme_builder_area=&#8221;post_content&#8221;]<\/p>\n<p>Ob technischer Support, IT-Systemadministration oder Rollout-Services \u2013 unser Team steht Ihnen zur Seite. Kontaktieren Sie uns f\u00fcr ma\u00dfgeschneiderte L\u00f6sungen, die genau auf die Anforderungen Ihres Unternehmens abgestimmt sind. Lassen Sie uns gemeinsam Ihre IT-Prozesse optimieren.<\/p>\n<p>[\/et_pb_cta][et_pb_button button_text=&#8221;Kontaktieren sie uns noch heute&#8221; button_alignment=&#8221;center&#8221; _builder_version=&#8221;4.27.4&#8243; _module_preset=&#8221;ab15fb74-61a3-43aa-96b3-41e09aeef654&#8243; button_border_radius=&#8221;3px&#8221; animation_style=&#8221;slide&#8221; animation_direction=&#8221;bottom&#8221; locked=&#8221;off&#8221; global_colors_info=&#8221;{}&#8221; theme_builder_area=&#8221;post_content&#8221;][\/et_pb_button][\/et_pb_column][\/et_pb_row][\/et_pb_section]<\/p>\n","protected":false},"excerpt":{"rendered":"<p>Kontaktieren Sie uns f\u00fcr erstklassigen IT-Support, Administration und Rollout-Services, die genau auf die Anforderungen Ihres Unternehmens zugeschnitten sind.<div class=\"et_pb_module dnxte_text_color_motion dnxte_text_color_motion_0 et_animated\">\n\t\t\t\t\n\t\t\t\t\n\t\t\t\t\n\t\t\t\t\n\t\t\t\t\n\t\t\t\t\n\t\t\t\t<div class=\"et_pb_module_inner\">\n\t\t\t\t\t<div>\r\n\t\t\t\t<h1 class=\"dnxt-grdnt-text-animation-2 dnxt-grdnt-text-animation_font\">\r\n\t\t\t\t\tKontaktieren sie uns\r\n\t\t\t\t<\/h1>\r\n\t\t\t<\/div>\n\t\t\t\t<\/div>\n\t\t\t<\/div>\n<div class=\"wpcf7 no-js\" id=\"wpcf7-f344-o2\" lang=\"en-US\" dir=\"ltr\" data-wpcf7-id=\"344\">\n<div class=\"screen-reader-response\"><p role=\"status\" aria-live=\"polite\" aria-atomic=\"true\"><\/p> <ul><\/ul><\/div>\n<form action=\"\/index.php?rest_route=%2Fwp%2Fv2%2Fpages%2F441#wpcf7-f344-o2\" method=\"post\" class=\"wpcf7-form init\" aria-label=\"Contact form\" enctype=\"multipart\/form-data\" novalidate=\"novalidate\" data-status=\"init\">\n<fieldset class=\"hidden-fields-container\"><input type=\"hidden\" name=\"_wpcf7\" value=\"344\" \/><input type=\"hidden\" name=\"_wpcf7_version\" value=\"6.1.5\" \/><input type=\"hidden\" name=\"_wpcf7_locale\" value=\"en_US\" \/><input type=\"hidden\" name=\"_wpcf7_unit_tag\" value=\"wpcf7-f344-o2\" \/><input type=\"hidden\" name=\"_wpcf7_container_post\" value=\"0\" \/><input type=\"hidden\" name=\"_wpcf7_posted_data_hash\" value=\"\" \/>\n<\/fieldset>\n<p><span class=\"wpcf7-form-control-wrap\" data-name=\"your-name\"><input size=\"40\" maxlength=\"400\" class=\"wpcf7-form-control wpcf7-text wpcf7-validates-as-required mf2\" autocomplete=\"name\" aria-required=\"true\" aria-invalid=\"false\" placeholder=\"Your Name\" value=\"\" type=\"text\" name=\"your-name\" \/><\/span>\n<\/p>\n<p><span class=\"wpcf7-form-control-wrap\" data-name=\"your-email\"><input size=\"40\" maxlength=\"400\" class=\"wpcf7-form-control wpcf7-email wpcf7-validates-as-required wpcf7-text wpcf7-validates-as-email mf2\" autocomplete=\"email\" aria-required=\"true\" aria-invalid=\"false\" placeholder=\"Your Email\" value=\"\" type=\"email\" name=\"your-email\" \/><\/span>\n<\/p>\n<p><span class=\"wpcf7-form-control-wrap\" data-name=\"your-subject\"><input size=\"40\" maxlength=\"400\" class=\"wpcf7-form-control wpcf7-text wpcf7-validates-as-required mf2\" aria-required=\"true\" aria-invalid=\"false\" placeholder=\"Subject\" value=\"\" type=\"text\" name=\"your-subject\" \/><\/span>\n<\/p>\n<p><span class=\"wpcf7-form-control-wrap\" data-name=\"your-message\"><textarea cols=\"40\" rows=\"10\" maxlength=\"2000\" class=\"wpcf7-form-control wpcf7-textarea mf2\" aria-invalid=\"false\" placeholder=\"Message?\" name=\"your-message\"><\/textarea><\/span>\n<\/p>\n<p>Upload file<br \/>\n<span class=\"wpcf7-form-control-wrap\" data-name=\"file-457\"><input size=\"40\" class=\"wpcf7-form-control wpcf7-file\" accept=\".doc,.docx,.pdf,.jpg,.png,.mp4,.mp3\" aria-invalid=\"false\" type=\"file\" name=\"file-457\" \/><\/span>\n<\/p>\n<p><input class=\"wpcf7-form-control wpcf7-submit has-spinner\" type=\"submit\" value=\"Submit\" \/>\n<\/p><div class=\"wpcf7-response-output\" aria-hidden=\"true\"><\/div>\n<\/form>\n<\/div>\n+49 176 479 88281elbsysgmbh@gmail.comSch\u00fctzenstr. 81, 22761 Hamburg, GermanyOb technischer Support, IT-Systemadministration oder Rollout-Services \u2013 [&hellip;]<\/p>\n","protected":false},"author":1,"featured_media":0,"parent":0,"menu_order":0,"comment_status":"closed","ping_status":"closed","template":"","meta":{"_et_pb_use_builder":"on","_et_pb_old_content":"","_et_gb_content_width":"","footnotes":""},"class_list":["post-441","page","type-page","status-publish","hentry"],"_links":{"self":[{"href":"https:\/\/sandbox94.techwebinnovations.com\/index.php?rest_route=\/wp\/v2\/pages\/441","targetHints":{"allow":["GET"]}}],"collection":[{"href":"https:\/\/sandbox94.techwebinnovations.com\/index.php?rest_route=\/wp\/v2\/pages"}],"about":[{"href":"https:\/\/sandbox94.techwebinnovations.com\/index.php?rest_route=\/wp\/v2\/types\/page"}],"author":[{"embeddable":true,"href":"https:\/\/sandbox94.techwebinnovations.com\/index.php?rest_route=\/wp\/v2\/users\/1"}],"replies":[{"embeddable":true,"href":"https:\/\/sandbox94.techwebinnovations.com\/index.php?rest_route=%2Fwp%2Fv2%2Fcomments&post=441"}],"version-history":[{"count":4,"href":"https:\/\/sandbox94.techwebinnovations.com\/index.php?rest_route=\/wp\/v2\/pages\/441\/revisions"}],"predecessor-version":[{"id":469,"href":"https:\/\/sandbox94.techwebinnovations.com\/index.php?rest_route=\/wp\/v2\/pages\/441\/revisions\/469"}],"wp:attachment":[{"href":"https:\/\/sandbox94.techwebinnovations.com\/index.php?rest_route=%2Fwp%2Fv2%2Fmedia&parent=441"}],"curies":[{"name":"wp","href":"https:\/\/api.w.org\/{rel}","templated":true}]}}